{"id":94,"date":"2016-01-21T22:33:07","date_gmt":"2016-01-21T21:33:07","guid":{"rendered":"http:\/\/mattonsbnb.com\/?page_id=94"},"modified":"2016-05-19T18:03:43","modified_gmt":"2016-05-19T18:03:43","slug":"husbil","status":"publish","type":"page","link":"https:\/\/www.mattonsbnb.com\/de\/uthyrning\/husbil\/","title":{"rendered":"Wohnmobil"},"content":{"rendered":"<body><p>Du kannst unser Wohnmobil f\u00fcr einen oder mehrere Tage mieten f\u00fcr 1500 bis 1800 SEK pro Tag. N\u00e4heres erf\u00e4hrst Du von B\u00e4rbel oder Inge.<\/p>\n<p>\u00a0<\/p>\n<div id='gallery-1' class='gallery galleryid-94 gallery-columns-3 gallery-size-large'><figure class='gallery-item'>\n\t\t\t<div class='gallery-icon landscape'>\n\t\t\t\t<a href='https:\/\/www.mattonsbnb.com\/de\/uthyrning\/husbil\/img_5340\/'><img loading=\"lazy\" decoding=\"async\" width=\"640\" height=\"480\" src=\"https:\/\/i0.wp.com\/www.mattonsbnb.com\/wp-content\/uploads\/2016\/01\/img_5340.jpg?fit=640%2C480&amp;ssl=1\" class=\"attachment-large size-large\" alt=\"\" srcset=\"https:\/\/i0.wp.com\/www.mattonsbnb.com\/wp-content\/uploads\/2016\/01\/img_5340.jpg?w=3264&amp;ssl=1 3264w, https:\/\/i0.wp.com\/www.mattonsbnb.com\/wp-content\/uploads\/2016\/01\/img_5340.jpg?resize=300%2C225&amp;ssl=1 300w, https:\/\/i0.wp.com\/www.mattonsbnb.com\/wp-content\/uploads\/2016\/01\/img_5340.jpg?resize=768%2C576&amp;ssl=1 768w, https:\/\/i0.wp.com\/www.mattonsbnb.com\/wp-content\/uploads\/2016\/01\/img_5340.jpg?resize=1024%2C768&amp;ssl=1 1024w, https:\/\/i0.wp.com\/www.mattonsbnb.com\/wp-content\/uploads\/2016\/01\/img_5340.jpg?resize=1200%2C900&amp;ssl=1 1200w, https:\/\/i0.wp.com\/www.mattonsbnb.com\/wp-content\/uploads\/2016\/01\/img_5340.jpg?w=1280 1280w, https:\/\/i0.wp.com\/www.mattonsbnb.com\/wp-content\/uploads\/2016\/01\/img_5340.jpg?w=1920 1920w\" sizes=\"auto, (max-width: 640px) 100vw, 640px\" \/><\/a>\n\t\t\t<\/div><\/figure><figure class='gallery-item'>\n\t\t\t<div class='gallery-icon landscape'>\n\t\t\t\t<a href='https:\/\/www.mattonsbnb.com\/de\/img_5324\/'><img loading=\"lazy\" decoding=\"async\" width=\"640\" height=\"480\" src=\"https:\/\/i0.wp.com\/www.mattonsbnb.com\/wp-content\/uploads\/2016\/01\/img_5324.jpg?fit=640%2C480&amp;ssl=1\" class=\"attachment-large size-large\" alt=\"\" aria-describedby=\"gallery-1-166\" srcset=\"https:\/\/i0.wp.com\/www.mattonsbnb.com\/wp-content\/uploads\/2016\/01\/img_5324.jpg?w=3264&amp;ssl=1 3264w, https:\/\/i0.wp.com\/www.mattonsbnb.com\/wp-content\/uploads\/2016\/01\/img_5324.jpg?resize=300%2C225&amp;ssl=1 300w, https:\/\/i0.wp.com\/www.mattonsbnb.com\/wp-content\/uploads\/2016\/01\/img_5324.jpg?resize=768%2C576&amp;ssl=1 768w, https:\/\/i0.wp.com\/www.mattonsbnb.com\/wp-content\/uploads\/2016\/01\/img_5324.jpg?resize=1024%2C768&amp;ssl=1 1024w, https:\/\/i0.wp.com\/www.mattonsbnb.com\/wp-content\/uploads\/2016\/01\/img_5324.jpg?resize=1200%2C900&amp;ssl=1 1200w, https:\/\/i0.wp.com\/www.mattonsbnb.com\/wp-content\/uploads\/2016\/01\/img_5324.jpg?w=1280 1280w, https:\/\/i0.wp.com\/www.mattonsbnb.com\/wp-content\/uploads\/2016\/01\/img_5324.jpg?w=1920 1920w\" sizes=\"auto, (max-width: 640px) 100vw, 640px\" \/><\/a>\n\t\t\t<\/div>\n\t\t\t\t<figcaption class='wp-caption-text gallery-caption' id='gallery-1-166'>\n\t\t\t\tMotor home\n\t\t\t\t<\/figcaption><\/figure><figure class='gallery-item'>\n\t\t\t<div class='gallery-icon landscape'>\n\t\t\t\t<a href='https:\/\/www.mattonsbnb.com\/de\/uthyrning\/husbil\/img_5339\/'><img loading=\"lazy\" decoding=\"async\" width=\"640\" height=\"480\" src=\"https:\/\/i0.wp.com\/www.mattonsbnb.com\/wp-content\/uploads\/2016\/01\/img_5339.jpg?fit=640%2C480&amp;ssl=1\" class=\"attachment-large size-large\" alt=\"\" srcset=\"https:\/\/i0.wp.com\/www.mattonsbnb.com\/wp-content\/uploads\/2016\/01\/img_5339.jpg?w=3264&amp;ssl=1 3264w, https:\/\/i0.wp.com\/www.mattonsbnb.com\/wp-content\/uploads\/2016\/01\/img_5339.jpg?resize=300%2C225&amp;ssl=1 300w, https:\/\/i0.wp.com\/www.mattonsbnb.com\/wp-content\/uploads\/2016\/01\/img_5339.jpg?resize=768%2C576&amp;ssl=1 768w, https:\/\/i0.wp.com\/www.mattonsbnb.com\/wp-content\/uploads\/2016\/01\/img_5339.jpg?resize=1024%2C768&amp;ssl=1 1024w, https:\/\/i0.wp.com\/www.mattonsbnb.com\/wp-content\/uploads\/2016\/01\/img_5339.jpg?resize=1200%2C900&amp;ssl=1 1200w, https:\/\/i0.wp.com\/www.mattonsbnb.com\/wp-content\/uploads\/2016\/01\/img_5339.jpg?w=1280 1280w, https:\/\/i0.wp.com\/www.mattonsbnb.com\/wp-content\/uploads\/2016\/01\/img_5339.jpg?w=1920 1920w\" sizes=\"auto, (max-width: 640px) 100vw, 640px\" \/><\/a>\n\t\t\t<\/div><\/figure><figure class='gallery-item'>\n\t\t\t<div class='gallery-icon landscape'>\n\t\t\t\t<a href='https:\/\/www.mattonsbnb.com\/de\/uthyrning\/husbil\/img_5336\/'><img loading=\"lazy\" decoding=\"async\" width=\"640\" height=\"480\" src=\"https:\/\/i0.wp.com\/www.mattonsbnb.com\/wp-content\/uploads\/2016\/01\/img_5336.jpg?fit=640%2C480&amp;ssl=1\" class=\"attachment-large size-large\" alt=\"\" srcset=\"https:\/\/i0.wp.com\/www.mattonsbnb.com\/wp-content\/uploads\/2016\/01\/img_5336.jpg?w=3264&amp;ssl=1 3264w, https:\/\/i0.wp.com\/www.mattonsbnb.com\/wp-content\/uploads\/2016\/01\/img_5336.jpg?resize=300%2C225&amp;ssl=1 300w, https:\/\/i0.wp.com\/www.mattonsbnb.com\/wp-content\/uploads\/2016\/01\/img_5336.jpg?resize=768%2C576&amp;ssl=1 768w, https:\/\/i0.wp.com\/www.mattonsbnb.com\/wp-content\/uploads\/2016\/01\/img_5336.jpg?resize=1024%2C768&amp;ssl=1 1024w, https:\/\/i0.wp.com\/www.mattonsbnb.com\/wp-content\/uploads\/2016\/01\/img_5336.jpg?resize=1200%2C900&amp;ssl=1 1200w, https:\/\/i0.wp.com\/www.mattonsbnb.com\/wp-content\/uploads\/2016\/01\/img_5336.jpg?w=1280 1280w, https:\/\/i0.wp.com\/www.mattonsbnb.com\/wp-content\/uploads\/2016\/01\/img_5336.jpg?w=1920 1920w\" sizes=\"auto, (max-width: 640px) 100vw, 640px\" \/><\/a>\n\t\t\t<\/div><\/figure><figure class='gallery-item'>\n\t\t\t<div class='gallery-icon landscape'>\n\t\t\t\t<a href='https:\/\/www.mattonsbnb.com\/de\/uthyrning\/husbil\/img_5332\/'><img loading=\"lazy\" decoding=\"async\" width=\"640\" height=\"480\" src=\"https:\/\/i0.wp.com\/www.mattonsbnb.com\/wp-content\/uploads\/2016\/01\/img_5332.jpg?fit=640%2C480&amp;ssl=1\" class=\"attachment-large size-large\" alt=\"\" srcset=\"https:\/\/i0.wp.com\/www.mattonsbnb.com\/wp-content\/uploads\/2016\/01\/img_5332.jpg?w=3264&amp;ssl=1 3264w, https:\/\/i0.wp.com\/www.mattonsbnb.com\/wp-content\/uploads\/2016\/01\/img_5332.jpg?resize=300%2C225&amp;ssl=1 300w, https:\/\/i0.wp.com\/www.mattonsbnb.com\/wp-content\/uploads\/2016\/01\/img_5332.jpg?resize=768%2C576&amp;ssl=1 768w, https:\/\/i0.wp.com\/www.mattonsbnb.com\/wp-content\/uploads\/2016\/01\/img_5332.jpg?resize=1024%2C768&amp;ssl=1 1024w, https:\/\/i0.wp.com\/www.mattonsbnb.com\/wp-content\/uploads\/2016\/01\/img_5332.jpg?resize=1200%2C900&amp;ssl=1 1200w, https:\/\/i0.wp.com\/www.mattonsbnb.com\/wp-content\/uploads\/2016\/01\/img_5332.jpg?w=1280 1280w, https:\/\/i0.wp.com\/www.mattonsbnb.com\/wp-content\/uploads\/2016\/01\/img_5332.jpg?w=1920 1920w\" sizes=\"auto, (max-width: 640px) 100vw, 640px\" \/><\/a>\n\t\t\t<\/div><\/figure><figure class='gallery-item'>\n\t\t\t<div class='gallery-icon landscape'>\n\t\t\t\t<a href='https:\/\/www.mattonsbnb.com\/de\/uthyrning\/husbil\/img_5330\/'><img loading=\"lazy\" decoding=\"async\" width=\"640\" height=\"480\" src=\"https:\/\/i0.wp.com\/www.mattonsbnb.com\/wp-content\/uploads\/2016\/01\/img_5330.jpg?fit=640%2C480&amp;ssl=1\" class=\"attachment-large size-large\" alt=\"\" srcset=\"https:\/\/i0.wp.com\/www.mattonsbnb.com\/wp-content\/uploads\/2016\/01\/img_5330.jpg?w=3264&amp;ssl=1 3264w, https:\/\/i0.wp.com\/www.mattonsbnb.com\/wp-content\/uploads\/2016\/01\/img_5330.jpg?resize=300%2C225&amp;ssl=1 300w, https:\/\/i0.wp.com\/www.mattonsbnb.com\/wp-content\/uploads\/2016\/01\/img_5330.jpg?resize=768%2C576&amp;ssl=1 768w, https:\/\/i0.wp.com\/www.mattonsbnb.com\/wp-content\/uploads\/2016\/01\/img_5330.jpg?resize=1024%2C768&amp;ssl=1 1024w, https:\/\/i0.wp.com\/www.mattonsbnb.com\/wp-content\/uploads\/2016\/01\/img_5330.jpg?resize=1200%2C900&amp;ssl=1 1200w, https:\/\/i0.wp.com\/www.mattonsbnb.com\/wp-content\/uploads\/2016\/01\/img_5330.jpg?w=1280 1280w, https:\/\/i0.wp.com\/www.mattonsbnb.com\/wp-content\/uploads\/2016\/01\/img_5330.jpg?w=1920 1920w\" sizes=\"auto, (max-width: 640px) 100vw, 640px\" \/><\/a>\n\t\t\t<\/div><\/figure>\n\t\t<\/div>\n\n<\/body>","protected":false},"excerpt":{"rendered":"<p>Du kannst unser Wohnmobil f\u00fcr einen oder mehrere Tage mieten f\u00fcr 1500 bis 1800 SEK pro Tag. N\u00e4heres erf\u00e4hrst Du von B\u00e4rbel oder Inge. \u00a0<\/p>\n","protected":false},"author":2,"featured_media":0,"parent":61,"menu_order":0,"comment_status":"closed","ping_status":"closed","template":"","meta":{"jetpack_post_was_ever_published":false,"footnotes":""},"class_list":["post-94","page","type-page","status-publish","hentry"],"translation":{"provider":"WPGlobus","version":"3.0.2","language":"de","enabled_languages":["sv","en","de"],"languages":{"sv":{"title":true,"content":true,"excerpt":false},"en":{"title":true,"content":true,"excerpt":false},"de":{"title":true,"content":true,"excerpt":false}}},"jetpack_sharing_enabled":true,"jetpack_shortlink":"https:\/\/wp.me\/P7szNi-1w","_links":{"self":[{"href":"https:\/\/www.mattonsbnb.com\/de\/wp-json\/wp\/v2\/pages\/94","targetHints":{"allow":["GET"]}}],"collection":[{"href":"https:\/\/www.mattonsbnb.com\/de\/wp-json\/wp\/v2\/pages"}],"about":[{"href":"https:\/\/www.mattonsbnb.com\/de\/wp-json\/wp\/v2\/types\/page"}],"author":[{"embeddable":true,"href":"https:\/\/www.mattonsbnb.com\/de\/wp-json\/wp\/v2\/users\/2"}],"replies":[{"embeddable":true,"href":"https:\/\/www.mattonsbnb.com\/de\/wp-json\/wp\/v2\/comments?post=94"}],"version-history":[{"count":5,"href":"https:\/\/www.mattonsbnb.com\/de\/wp-json\/wp\/v2\/pages\/94\/revisions"}],"predecessor-version":[{"id":341,"href":"https:\/\/www.mattonsbnb.com\/de\/wp-json\/wp\/v2\/pages\/94\/revisions\/341"}],"up":[{"embeddable":true,"href":"https:\/\/www.mattonsbnb.com\/de\/wp-json\/wp\/v2\/pages\/61"}],"wp:attachment":[{"href":"https:\/\/www.mattonsbnb.com\/de\/wp-json\/wp\/v2\/media?parent=94"}],"curies":[{"name":"wp","href":"https:\/\/api.w.org\/{rel}","templated":true}]}}