{"id":86,"date":"2016-01-21T21:17:29","date_gmt":"2016-01-21T20:17:29","guid":{"rendered":"http:\/\/mattonsbnb.com\/?page_id=86"},"modified":"2016-04-22T11:56:14","modified_gmt":"2016-04-22T11:56:14","slug":"att-gora-2","status":"publish","type":"page","link":"https:\/\/www.mattonsbnb.com\/de\/att-gora-2\/","title":{"rendered":"Aktivit\u00e4ten"},"content":{"rendered":"<body><p>Au\u00dfer Zeit zum Nachdenken, Retreat und Zeit f\u00fcr Behandlungen gibt es viel zu sehen und zu erleben in Gysinges n\u00e4chster Umgebung und im F\u00e4rnebofj\u00e4rden Nationalpark. Diese Umgebung ist so interessant, dass UNESCO sie 2011 zum Biosph\u00e4renreservae erkoren hat.<\/p>\n<p>Abgesehen von der einzigartigen Natur ist Nedre Dal\u00e4lven bekannt f\u00fcr seine phantastischen Angelm\u00f6glichkeiten, Gysinge Bruk, \u201ddet vita bruket\u201d ( ein Ort mit einem H\u00fcttenwerk), das Feuerwehrmuseum, die PRO- Volkshochschule, und noch mehr.<\/p>\n<p>Hier geben wir Dir Vorschl\u00e4ge und Kontaktm\u00f6glichkeiten zu denen, die Deinen Besuch bei uns mit sch\u00f6nen Erlebnissen f\u00fcllen k\u00f6nnen.<\/p>\n<p><a href=\"http:\/\/www.sverigesnationalparker.se\/en\/choose-national-park\/farnebofjarden-national-park\/se-och-gora\/many-activities-in-the-naturum-visitor-centre-year-round\/\">Naturum<\/a> \u2013 ein Besuchszentrum mit Ausstellungen vom F\u00e4rnebofj\u00e4rdens Nationalpark.<\/p>\n<p><a href=\"http:\/\/www.gysinge.se\/\">Vi i Gysinge<\/a>\u00a0\u2013 gesammelte Erlebnisse vom H\u00fcttenwerk.<\/p>\n<p><a href=\"http:\/\/www.eaglephotography.se\/\">Eagle photography<\/a>\u2013 Adlerbetrachtungen von einem Versteck aus.<\/p>\n<p><a href=\"http:\/\/www.nedredalalven.se\/index.php\/en\">Nedre Dal\u00e4lven<\/a> \u2013 ist, wie schon erw\u00e4hnt, als Biosph\u00e4renreservae auserw\u00e4hlt worden. Die Organisation Nedre Dal\u00e4lven hilft Dir gerne, Deine Erlebnisse und Arrangements f\u00fcr Dich ma\u00dfzuschneidern.<\/p>\n<p><a href=\"http:\/\/www.pro.se\/PROs-Fhsk\/\">PRO<\/a> \u2013 Volkshochschule- Kurse und Tagungen.<\/p>\n<p><a href=\"http:\/\/www.cafeudden.se\/\">Caf\u00e9 Udden<\/a> \u2013 H\u00fcttencaf\u00e9 mit Aussicht auf Gysinges Stromschnellen.<\/p>\n<p>Orangeriet \u2013 Restaurant<\/p>\n<p><a href=\"http:\/\/www.aventyrsservice.se\/\">\u00c4ventyrservice<\/a> \u2013 (Abenteuerservice) Kanuvermietung, Fahrradvermietung und\u00a0\u00a0 \u00a0 \u00a0 \u00a0 \u00a0 \u00a0 \u00a0 \u00a0 Wildnisveranstaltungen.<\/p>\n<\/body>","protected":false},"excerpt":{"rendered":"<p>Au\u00dfer Zeit zum Nachdenken, Retreat und Zeit f\u00fcr Behandlungen gibt es viel zu sehen und zu erleben in Gysinges n\u00e4chster Umgebung und im F\u00e4rnebofj\u00e4rden Nationalpark. Diese Umgebung ist so interessant, dass UNESCO sie 2011 zum Biosph\u00e4renreservae erkoren hat. Abgesehen von der einzigartigen Natur ist Nedre Dal\u00e4lven bekannt f\u00fcr seine phantastischen Angelm\u00f6glichkeiten, Gysinge Bruk, \u201ddet vita bruket\u201d ( ein Ort mit einem H\u00fcttenwerk), das Feuerwehrmuseum, die PRO- Volkshochschule, und noch mehr. Hier geben wir Dir Vorschl\u00e4ge und Kontaktm\u00f6glichkeiten zu denen, die&#8230;<\/p>\n<p class=\"read-more\"><a class=\"btn btn-default\" href=\"https:\/\/www.mattonsbnb.com\/de\/att-gora-2\/\"> Read More<span class=\"screen-reader-text\">  Read More<\/span><\/a><\/p>\n","protected":false},"author":2,"featured_media":0,"parent":0,"menu_order":0,"comment_status":"closed","ping_status":"closed","template":"","meta":{"jetpack_post_was_ever_published":false,"footnotes":""},"class_list":["post-86","page","type-page","status-publish","hentry"],"translation":{"provider":"WPGlobus","version":"3.0.2","language":"de","enabled_languages":["sv","en","de"],"languages":{"sv":{"title":true,"content":true,"excerpt":false},"en":{"title":true,"content":true,"excerpt":false},"de":{"title":true,"content":true,"excerpt":false}}},"jetpack_sharing_enabled":false,"jetpack_shortlink":"https:\/\/wp.me\/P7szNi-1o","_links":{"self":[{"href":"https:\/\/www.mattonsbnb.com\/de\/wp-json\/wp\/v2\/pages\/86","targetHints":{"allow":["GET"]}}],"collection":[{"href":"https:\/\/www.mattonsbnb.com\/de\/wp-json\/wp\/v2\/pages"}],"about":[{"href":"https:\/\/www.mattonsbnb.com\/de\/wp-json\/wp\/v2\/types\/page"}],"author":[{"embeddable":true,"href":"https:\/\/www.mattonsbnb.com\/de\/wp-json\/wp\/v2\/users\/2"}],"replies":[{"embeddable":true,"href":"https:\/\/www.mattonsbnb.com\/de\/wp-json\/wp\/v2\/comments?post=86"}],"version-history":[{"count":5,"href":"https:\/\/www.mattonsbnb.com\/de\/wp-json\/wp\/v2\/pages\/86\/revisions"}],"predecessor-version":[{"id":440,"href":"https:\/\/www.mattonsbnb.com\/de\/wp-json\/wp\/v2\/pages\/86\/revisions\/440"}],"wp:attachment":[{"href":"https:\/\/www.mattonsbnb.com\/de\/wp-json\/wp\/v2\/media?parent=86"}],"curies":[{"name":"wp","href":"https:\/\/api.w.org\/{rel}","templated":true}]}}