{"id":61,"date":"2016-01-15T20:17:39","date_gmt":"2016-01-15T19:17:39","guid":{"rendered":"https:\/\/mattonsbnb.wordpress.com\/?page_id=61"},"modified":"2016-04-22T07:04:17","modified_gmt":"2016-04-22T07:04:17","slug":"uthyrning","status":"publish","type":"page","link":"https:\/\/www.mattonsbnb.com\/de\/uthyrning\/","title":{"rendered":"Mieten"},"content":{"rendered":"<body><p>Abgesehen von unserem netten G\u00e4steh\u00e4uschen hast Du auch die M\u00f6glichkeit, unser Wohnmobil, einen Kabe Travelmaster zu mieten, wenn Du unsere Umgebung auf eigener Faust erkundigen willst.<\/p>\n<p>Als Alternative kannst Du unsere Fahrr\u00e4der mieten, um mehr von der sch\u00f6nen Umgebung zu entdecken.<\/p>\n<p>Klicke auf die folgenden Links um mehr dr\u00fcber zu erfahren.<\/p>\n<p>1 Wohnmobil<\/p>\n<p>2 Fahrr\u00e4der<\/p>\n<p>In der N\u00e4he gibt\u2019s auch Kanus, Boote mit Au\u00dfenbordmotor, ein Floss und einiges mehr zu vermieten.<\/p>\n<p>Lies mehr unter Aktivit\u00e4ten.<\/p>\n<p>Wohnmobil: Miete pro Tag zwischen 1 500 SEK und 1 800 SEK. N\u00e4heres erf\u00e4hrst Du direkt von uns.<\/p>\n<p>Fahrr\u00e4der: Wir haben ein Damenfahrrad mit 7 G\u00e4ngen und ein Herrenfahrrad mit 24 G\u00e4ngen zu vermieten.<\/p>\n<p>Preisliste: Pro Person und Tag 100 SEK<\/p>\n<p>Pro Person und Woche 500 SEK<\/p>\n<\/body>","protected":false},"excerpt":{"rendered":"<p>Abgesehen von unserem netten G\u00e4steh\u00e4uschen hast Du auch die M\u00f6glichkeit, unser Wohnmobil, einen Kabe Travelmaster zu mieten, wenn Du unsere Umgebung auf eigener Faust erkundigen willst. Als Alternative kannst Du unsere Fahrr\u00e4der mieten, um mehr von der sch\u00f6nen Umgebung zu entdecken. Klicke auf die folgenden Links um mehr dr\u00fcber zu erfahren. 1 Wohnmobil 2 Fahrr\u00e4der In der N\u00e4he gibt\u2019s auch Kanus, Boote mit Au\u00dfenbordmotor, ein Floss und einiges mehr zu vermieten. Lies mehr unter Aktivit\u00e4ten. Wohnmobil: Miete pro Tag zwischen&#8230;<\/p>\n<p class=\"read-more\"><a class=\"btn btn-default\" href=\"https:\/\/www.mattonsbnb.com\/de\/uthyrning\/\"> Read More<span class=\"screen-reader-text\">  Read More<\/span><\/a><\/p>\n","protected":false},"author":2,"featured_media":0,"parent":0,"menu_order":0,"comment_status":"closed","ping_status":"closed","template":"","meta":{"jetpack_post_was_ever_published":false,"footnotes":""},"class_list":["post-61","page","type-page","status-publish","hentry"],"translation":{"provider":"WPGlobus","version":"3.0.2","language":"de","enabled_languages":["sv","en","de"],"languages":{"sv":{"title":true,"content":true,"excerpt":false},"en":{"title":true,"content":true,"excerpt":false},"de":{"title":true,"content":true,"excerpt":false}}},"jetpack_sharing_enabled":false,"jetpack_shortlink":"https:\/\/wp.me\/P7szNi-Z","_links":{"self":[{"href":"https:\/\/www.mattonsbnb.com\/de\/wp-json\/wp\/v2\/pages\/61","targetHints":{"allow":["GET"]}}],"collection":[{"href":"https:\/\/www.mattonsbnb.com\/de\/wp-json\/wp\/v2\/pages"}],"about":[{"href":"https:\/\/www.mattonsbnb.com\/de\/wp-json\/wp\/v2\/types\/page"}],"author":[{"embeddable":true,"href":"https:\/\/www.mattonsbnb.com\/de\/wp-json\/wp\/v2\/users\/2"}],"replies":[{"embeddable":true,"href":"https:\/\/www.mattonsbnb.com\/de\/wp-json\/wp\/v2\/comments?post=61"}],"version-history":[{"count":3,"href":"https:\/\/www.mattonsbnb.com\/de\/wp-json\/wp\/v2\/pages\/61\/revisions"}],"predecessor-version":[{"id":318,"href":"https:\/\/www.mattonsbnb.com\/de\/wp-json\/wp\/v2\/pages\/61\/revisions\/318"}],"wp:attachment":[{"href":"https:\/\/www.mattonsbnb.com\/de\/wp-json\/wp\/v2\/media?parent=61"}],"curies":[{"name":"wp","href":"https:\/\/api.w.org\/{rel}","templated":true}]}}