{"id":51,"date":"2016-01-15T16:37:16","date_gmt":"2016-01-15T15:37:16","guid":{"rendered":"https:\/\/mattonsbnb.wordpress.com\/?page_id=51"},"modified":"2016-11-13T16:57:18","modified_gmt":"2016-11-13T16:57:18","slug":"boka","status":"publish","type":"page","link":"https:\/\/www.mattonsbnb.com\/de\/boka\/","title":{"rendered":"Buchen"},"content":{"rendered":"<body><p>Buchungsanfragen nehmen wir gerne telefonisch entgegen, besonders wenn Du uns kurzfristig besuchen willst. Tel.: \u00a0+46 (0) 70 \u2013 399 86 65. Du kannst auch eine Mitteilung schicken an\u00a0<strong><a href=\"barbel.jansson@hotmail.com\">barbel.jansson@hotmail.com<\/a>.<\/strong><\/p>\n<p>Um den Einkauf Deines Fr\u00fchst\u00fccks und die Erw\u00e4rmung des G\u00e4steh\u00e4uschens im Winter sicherzustellen, bitten wir Dich, uns sp\u00e4testens um 12 Uhr am Tag zuvor zu kontaktieren.<\/p>\n<p>\u00a0<\/p>\n<\/body>","protected":false},"excerpt":{"rendered":"<p>Buchungsanfragen nehmen wir gerne telefonisch entgegen, besonders wenn Du uns kurzfristig besuchen willst. Tel.: \u00a0+46 (0) 70 \u2013 399 86 65. Du kannst auch eine Mitteilung schicken an\u00a0barbel.jansson@hotmail.com. Um den Einkauf Deines Fr\u00fchst\u00fccks und die Erw\u00e4rmung des G\u00e4steh\u00e4uschens im Winter sicherzustellen, bitten wir Dich, uns sp\u00e4testens um 12 Uhr am Tag zuvor zu kontaktieren. \u00a0<\/p>\n","protected":false},"author":2,"featured_media":0,"parent":0,"menu_order":0,"comment_status":"closed","ping_status":"closed","template":"","meta":{"jetpack_post_was_ever_published":false,"footnotes":""},"class_list":["post-51","page","type-page","status-publish","hentry"],"translation":{"provider":"WPGlobus","version":"3.0.2","language":"de","enabled_languages":["sv","en","de"],"languages":{"sv":{"title":true,"content":true,"excerpt":false},"en":{"title":true,"content":true,"excerpt":false},"de":{"title":true,"content":true,"excerpt":false}}},"jetpack_sharing_enabled":false,"jetpack_shortlink":"https:\/\/wp.me\/P7szNi-P","_links":{"self":[{"href":"https:\/\/www.mattonsbnb.com\/de\/wp-json\/wp\/v2\/pages\/51","targetHints":{"allow":["GET"]}}],"collection":[{"href":"https:\/\/www.mattonsbnb.com\/de\/wp-json\/wp\/v2\/pages"}],"about":[{"href":"https:\/\/www.mattonsbnb.com\/de\/wp-json\/wp\/v2\/types\/page"}],"author":[{"embeddable":true,"href":"https:\/\/www.mattonsbnb.com\/de\/wp-json\/wp\/v2\/users\/2"}],"replies":[{"embeddable":true,"href":"https:\/\/www.mattonsbnb.com\/de\/wp-json\/wp\/v2\/comments?post=51"}],"version-history":[{"count":9,"href":"https:\/\/www.mattonsbnb.com\/de\/wp-json\/wp\/v2\/pages\/51\/revisions"}],"predecessor-version":[{"id":441,"href":"https:\/\/www.mattonsbnb.com\/de\/wp-json\/wp\/v2\/pages\/51\/revisions\/441"}],"wp:attachment":[{"href":"https:\/\/www.mattonsbnb.com\/de\/wp-json\/wp\/v2\/media?parent=51"}],"curies":[{"name":"wp","href":"https:\/\/api.w.org\/{rel}","templated":true}]}}