{"id":47,"date":"2016-01-15T14:19:24","date_gmt":"2016-01-15T13:19:24","guid":{"rendered":"https:\/\/mattonsbnb.wordpress.com\/?page_id=47"},"modified":"2016-05-04T11:17:56","modified_gmt":"2016-05-04T11:17:56","slug":"behandlingar","status":"publish","type":"page","link":"https:\/\/www.mattonsbnb.com\/de\/behandlingar\/","title":{"rendered":"Behandlungen"},"content":{"rendered":"<body><p><\/p>Nach vielj\u00e4hriger Erfahrung als Krankengymnastin hab\u2019 ich mich interessiert und vertieft in mehrere alternative Therapien.\n<p>Du kannst w\u00e4hlen zwischen Massage, Entspannungs\u00fcbungen, Meditation, Training in Mindfulness oder Soulwork.<\/p>\n<p>Du kannst zu uns kommen, wenn Du ein Bed\u00fcrfnis danach hast, Dich zur\u00fcckzuziehen. Wenn Du Dir dann die Zeit nimmst, Deine Aufmerksamkeit nach innen zu lenken, kannst Du vielleicht mit Deiner Seele in Kontakt kommen. Durch meine Behandlungen kann ich Dich in diesem Prozess unterst\u00fctzen.<\/p>\n<p>Die Behandlungen kosten 500 SEK. pro Stunde. W\u00fcnscht\u00a0 Du Dir eine K\u00fcrzere Behandlung (wie z.B. eine Nackenmassage) halbiert sich der Preis. Bei mehreren Behandlungen w\u00e4hrend Deines Aufenthaltes bekommst Du Mengenrabatt.<\/p>\n<p><img data-recalc-dims=\"1\" decoding=\"async\" class=\"alignleft size-full wp-image-158\" src=\"https:\/\/i0.wp.com\/www.mattonsbnb.com\/wp-content\/uploads\/2016\/01\/img_5522.jpg?resize=640%2C480\" alt=\"\" width=\"640\" height=\"480\" loading=\"lazy\" srcset=\"https:\/\/i0.wp.com\/www.mattonsbnb.com\/wp-content\/uploads\/2016\/01\/img_5522.jpg?w=3264&amp;ssl=1 3264w, https:\/\/i0.wp.com\/www.mattonsbnb.com\/wp-content\/uploads\/2016\/01\/img_5522.jpg?resize=300%2C225&amp;ssl=1 300w, https:\/\/i0.wp.com\/www.mattonsbnb.com\/wp-content\/uploads\/2016\/01\/img_5522.jpg?resize=768%2C576&amp;ssl=1 768w, https:\/\/i0.wp.com\/www.mattonsbnb.com\/wp-content\/uploads\/2016\/01\/img_5522.jpg?resize=1024%2C768&amp;ssl=1 1024w, https:\/\/i0.wp.com\/www.mattonsbnb.com\/wp-content\/uploads\/2016\/01\/img_5522.jpg?resize=1200%2C900&amp;ssl=1 1200w, https:\/\/i0.wp.com\/www.mattonsbnb.com\/wp-content\/uploads\/2016\/01\/img_5522.jpg?w=1280 1280w, https:\/\/i0.wp.com\/www.mattonsbnb.com\/wp-content\/uploads\/2016\/01\/img_5522.jpg?w=1920 1920w\" sizes=\"auto, (max-width: 640px) 100vw, 640px\" \/><\/p>\n<\/body>","protected":false},"excerpt":{"rendered":"<p>Nach vielj\u00e4hriger Erfahrung als Krankengymnastin hab\u2019 ich mich interessiert und vertieft in mehrere alternative Therapien. Du kannst w\u00e4hlen zwischen Massage, Entspannungs\u00fcbungen, Meditation, Training in Mindfulness oder Soulwork. Du kannst zu uns kommen, wenn Du ein Bed\u00fcrfnis danach hast, Dich zur\u00fcckzuziehen. Wenn Du Dir dann die Zeit nimmst, Deine Aufmerksamkeit nach innen zu lenken, kannst Du vielleicht mit Deiner Seele in Kontakt kommen. Durch meine Behandlungen kann ich Dich in diesem Prozess unterst\u00fctzen. Die Behandlungen kosten 500 SEK. pro Stunde. W\u00fcnscht\u00a0&#8230;<\/p>\n<p class=\"read-more\"><a class=\"btn btn-default\" href=\"https:\/\/www.mattonsbnb.com\/de\/behandlingar\/\"> Read More<span class=\"screen-reader-text\">  Read More<\/span><\/a><\/p>\n","protected":false},"author":2,"featured_media":0,"parent":0,"menu_order":0,"comment_status":"closed","ping_status":"closed","template":"","meta":{"jetpack_post_was_ever_published":false,"footnotes":""},"class_list":["post-47","page","type-page","status-publish","hentry"],"translation":{"provider":"WPGlobus","version":"3.0.2","language":"de","enabled_languages":["sv","en","de"],"languages":{"sv":{"title":true,"content":true,"excerpt":false},"en":{"title":true,"content":true,"excerpt":false},"de":{"title":true,"content":true,"excerpt":false}}},"jetpack_sharing_enabled":false,"jetpack_shortlink":"https:\/\/wp.me\/P7szNi-L","_links":{"self":[{"href":"https:\/\/www.mattonsbnb.com\/de\/wp-json\/wp\/v2\/pages\/47","targetHints":{"allow":["GET"]}}],"collection":[{"href":"https:\/\/www.mattonsbnb.com\/de\/wp-json\/wp\/v2\/pages"}],"about":[{"href":"https:\/\/www.mattonsbnb.com\/de\/wp-json\/wp\/v2\/types\/page"}],"author":[{"embeddable":true,"href":"https:\/\/www.mattonsbnb.com\/de\/wp-json\/wp\/v2\/users\/2"}],"replies":[{"embeddable":true,"href":"https:\/\/www.mattonsbnb.com\/de\/wp-json\/wp\/v2\/comments?post=47"}],"version-history":[{"count":5,"href":"https:\/\/www.mattonsbnb.com\/de\/wp-json\/wp\/v2\/pages\/47\/revisions"}],"predecessor-version":[{"id":348,"href":"https:\/\/www.mattonsbnb.com\/de\/wp-json\/wp\/v2\/pages\/47\/revisions\/348"}],"wp:attachment":[{"href":"https:\/\/www.mattonsbnb.com\/de\/wp-json\/wp\/v2\/media?parent=47"}],"curies":[{"name":"wp","href":"https:\/\/api.w.org\/{rel}","templated":true}]}}