{"id":43,"date":"2016-01-15T14:13:19","date_gmt":"2016-01-15T13:13:19","guid":{"rendered":"https:\/\/mattonsbnb.wordpress.com\/?page_id=43"},"modified":"2016-04-19T19:43:47","modified_gmt":"2016-04-19T19:43:47","slug":"hitta-hit","status":"publish","type":"page","link":"https:\/\/www.mattonsbnb.com\/de\/hitta-hit\/","title":{"rendered":"Finden"},"content":{"rendered":"<body><p>Gysinge liegt ca. 70 km n\u00f6rdlich von Uppsala, und ca. 50 km s\u00fcdlich von G\u00e4vle an der Stra\u00dfe 272. Matt\u00f6ns B&amp;B findest Du dann auf Insel Matt\u00f6n im Dal\u00e4lv bei Gysinge.<\/p>\n<p>Unsere Adresse ist: F\u00e4rjuddsv\u00e4gen 2, 81021 Gysinge<\/p>\n<p>Die Koordinaten:<\/p>\n<div>WGS84<\/div>\n<p>60\u00b017\u20191.8\u2033N 16\u00b052\u201917.6\u2033E<\/p>\n<div><\/div>\n<div>WGS84 decimal (lat, lon)<\/div>\n<p>60.283826, 16.87155<\/p>\n<div><\/div>\n<div>SWEREF99 TM<\/div>\n<p>6684489, 603486<\/p>\n<\/body>","protected":false},"excerpt":{"rendered":"<p>Gysinge liegt ca. 70 km n\u00f6rdlich von Uppsala, und ca. 50 km s\u00fcdlich von G\u00e4vle an der Stra\u00dfe 272. Matt\u00f6ns B&amp;B findest Du dann auf Insel Matt\u00f6n im Dal\u00e4lv bei Gysinge. Unsere Adresse ist: F\u00e4rjuddsv\u00e4gen 2, 81021 Gysinge Die Koordinaten: WGS84 60\u00b017\u20191.8\u2033N 16\u00b052\u201917.6\u2033E WGS84 decimal (lat, lon) 60.283826, 16.87155 SWEREF99 TM 6684489, 603486<\/p>\n","protected":false},"author":2,"featured_media":0,"parent":0,"menu_order":0,"comment_status":"closed","ping_status":"closed","template":"","meta":{"jetpack_post_was_ever_published":false,"footnotes":""},"class_list":["post-43","page","type-page","status-publish","hentry"],"translation":{"provider":"WPGlobus","version":"3.0.2","language":"de","enabled_languages":["sv","en","de"],"languages":{"sv":{"title":true,"content":true,"excerpt":false},"en":{"title":true,"content":true,"excerpt":false},"de":{"title":true,"content":true,"excerpt":false}}},"jetpack_sharing_enabled":false,"jetpack_shortlink":"https:\/\/wp.me\/P7szNi-H","_links":{"self":[{"href":"https:\/\/www.mattonsbnb.com\/de\/wp-json\/wp\/v2\/pages\/43","targetHints":{"allow":["GET"]}}],"collection":[{"href":"https:\/\/www.mattonsbnb.com\/de\/wp-json\/wp\/v2\/pages"}],"about":[{"href":"https:\/\/www.mattonsbnb.com\/de\/wp-json\/wp\/v2\/types\/page"}],"author":[{"embeddable":true,"href":"https:\/\/www.mattonsbnb.com\/de\/wp-json\/wp\/v2\/users\/2"}],"replies":[{"embeddable":true,"href":"https:\/\/www.mattonsbnb.com\/de\/wp-json\/wp\/v2\/comments?post=43"}],"version-history":[{"count":4,"href":"https:\/\/www.mattonsbnb.com\/de\/wp-json\/wp\/v2\/pages\/43\/revisions"}],"predecessor-version":[{"id":277,"href":"https:\/\/www.mattonsbnb.com\/de\/wp-json\/wp\/v2\/pages\/43\/revisions\/277"}],"wp:attachment":[{"href":"https:\/\/www.mattonsbnb.com\/de\/wp-json\/wp\/v2\/media?parent=43"}],"curies":[{"name":"wp","href":"https:\/\/api.w.org\/{rel}","templated":true}]}}