{"id":36,"date":"2016-01-15T11:58:41","date_gmt":"2016-01-15T10:58:41","guid":{"rendered":"https:\/\/mattonsbnb.wordpress.com\/?page_id=36"},"modified":"2016-04-20T17:18:55","modified_gmt":"2016-04-20T17:18:55","slug":"om-oss","status":"publish","type":"page","link":"https:\/\/www.mattonsbnb.com\/de\/om-oss\/","title":{"rendered":"\u00dcber uns"},"content":{"rendered":"<body><p><\/p>Wir hei\u00dfen B\u00e4rbel und Inge Jansson und sind beide aktive Rentner, die gerne zu Deiner Verf\u00fcgung stehen, falls Du Fragen oder Probleme hast.\n<p>Ich, B\u00e4rbel, mit der Du vermutlich am Meisten in Kontakt kommst, bin in S\u00fcddeutschland geboren und 1967 nach Schweden gezogen.<\/p>\n<p><img data-recalc-dims=\"1\" decoding=\"async\" class=\"alignleft size-full wp-image-175\" src=\"https:\/\/i0.wp.com\/www.mattonsbnb.com\/wp-content\/uploads\/2016\/01\/bild.jpg?resize=640%2C484\" alt=\"Bild\" width=\"640\" height=\"484\" loading=\"lazy\" srcset=\"https:\/\/i0.wp.com\/www.mattonsbnb.com\/wp-content\/uploads\/2016\/01\/bild.jpg?w=1575&amp;ssl=1 1575w, https:\/\/i0.wp.com\/www.mattonsbnb.com\/wp-content\/uploads\/2016\/01\/bild.jpg?resize=300%2C227&amp;ssl=1 300w, https:\/\/i0.wp.com\/www.mattonsbnb.com\/wp-content\/uploads\/2016\/01\/bild.jpg?resize=768%2C580&amp;ssl=1 768w, https:\/\/i0.wp.com\/www.mattonsbnb.com\/wp-content\/uploads\/2016\/01\/bild.jpg?resize=1024%2C774&amp;ssl=1 1024w, https:\/\/i0.wp.com\/www.mattonsbnb.com\/wp-content\/uploads\/2016\/01\/bild.jpg?resize=1200%2C907&amp;ssl=1 1200w, https:\/\/i0.wp.com\/www.mattonsbnb.com\/wp-content\/uploads\/2016\/01\/bild.jpg?w=1280 1280w\" sizes=\"auto, (max-width: 640px) 100vw, 640px\" \/><\/p>\n<\/body>","protected":false},"excerpt":{"rendered":"<p>Wir hei\u00dfen B\u00e4rbel und Inge Jansson und sind beide aktive Rentner, die gerne zu Deiner Verf\u00fcgung stehen, falls Du Fragen oder Probleme hast. Ich, B\u00e4rbel, mit der Du vermutlich am Meisten in Kontakt kommst, bin in S\u00fcddeutschland geboren und 1967 nach Schweden gezogen.<\/p>\n","protected":false},"author":2,"featured_media":0,"parent":0,"menu_order":0,"comment_status":"closed","ping_status":"closed","template":"","meta":{"jetpack_post_was_ever_published":false,"footnotes":""},"class_list":["post-36","page","type-page","status-publish","hentry"],"translation":{"provider":"WPGlobus","version":"3.0.2","language":"de","enabled_languages":["sv","en","de"],"languages":{"sv":{"title":true,"content":true,"excerpt":false},"en":{"title":true,"content":true,"excerpt":false},"de":{"title":true,"content":true,"excerpt":false}}},"jetpack_sharing_enabled":false,"jetpack_shortlink":"https:\/\/wp.me\/P7szNi-A","_links":{"self":[{"href":"https:\/\/www.mattonsbnb.com\/de\/wp-json\/wp\/v2\/pages\/36","targetHints":{"allow":["GET"]}}],"collection":[{"href":"https:\/\/www.mattonsbnb.com\/de\/wp-json\/wp\/v2\/pages"}],"about":[{"href":"https:\/\/www.mattonsbnb.com\/de\/wp-json\/wp\/v2\/types\/page"}],"author":[{"embeddable":true,"href":"https:\/\/www.mattonsbnb.com\/de\/wp-json\/wp\/v2\/users\/2"}],"replies":[{"embeddable":true,"href":"https:\/\/www.mattonsbnb.com\/de\/wp-json\/wp\/v2\/comments?post=36"}],"version-history":[{"count":3,"href":"https:\/\/www.mattonsbnb.com\/de\/wp-json\/wp\/v2\/pages\/36\/revisions"}],"predecessor-version":[{"id":346,"href":"https:\/\/www.mattonsbnb.com\/de\/wp-json\/wp\/v2\/pages\/36\/revisions\/346"}],"wp:attachment":[{"href":"https:\/\/www.mattonsbnb.com\/de\/wp-json\/wp\/v2\/media?parent=36"}],"curies":[{"name":"wp","href":"https:\/\/api.w.org\/{rel}","templated":true}]}}