{"id":34,"date":"2016-01-15T11:36:29","date_gmt":"2016-01-15T10:36:29","guid":{"rendered":"https:\/\/mattonsbnb.wordpress.com\/?page_id=34"},"modified":"2023-10-11T09:06:10","modified_gmt":"2023-10-11T09:06:10","slug":"gaststugan-2","status":"publish","type":"page","link":"https:\/\/www.mattonsbnb.com\/de\/gaststugan-2\/","title":{"rendered":"G\u00e4steh\u00e4uschen"},"content":{"rendered":"<body><p>Das H\u00e4uschen ist ca. 50 m2 gro\u00df und hat 2 bequeme Betten und zwei zusammenklappbare Extrabetten, eine Sitzgruppe mit Fernseher im Obergeschoss, eine komplette K\u00fcche, samt Dusche, WC und Sauna im Erdgeschoss.<\/p>\n<p>Als Gast hast Du die Wahl, ob Du den K\u00fchlschrank gef\u00fcllt haben willst mit einem reichhaltigen \u00f6kologischen\u00a0 Fr\u00fchst\u00fcck mit selbstgebackenem Brot und Br\u00f6tchen, oder ob Du Dir Dein Fr\u00fchst\u00fcck selber anschaffen willst.<\/p>\n<p>Schau Dir die Bildgalerie unter der Preisliste an.<\/p>\n<p><strong>Aus R\u00fccksicht gegen\u00fcber unseren G\u00e4sten mit Pelzallergien k\u00f6nnen wir leider keine Vierbeiner entgegennehmen.<\/strong><\/p>\n<p><strong>Die Preisliste:<\/strong><\/p>\n<p>1 person \u2013 400 SEK per Nacht<\/p>\n<p>2 personer \u2013 550 SEK per Nacht<\/p>\n<p>1 Extrabett \u2013 150 SEK per Nacht (es gibt zwei)<\/p>\n<p>Bettw\u00e4sche un Handt\u00fccher \u2013 100 SEK per Person<\/p>\n<p>Ekologisches Fr\u00fchst\u00fcck- 60 SEK per Person und Tag<\/p>\n<p>Sauna \u2013 100 SEK per\u00a0Sitzung<\/p>\n<\/body>","protected":false},"excerpt":{"rendered":"<p>Das H\u00e4uschen ist ca. 50 m2 gro\u00df und hat 2 bequeme Betten und zwei zusammenklappbare Extrabetten, eine Sitzgruppe mit Fernseher im Obergeschoss, eine komplette K\u00fcche, samt Dusche, WC und Sauna im Erdgeschoss. Als Gast hast Du die Wahl, ob Du den K\u00fchlschrank gef\u00fcllt haben willst mit einem reichhaltigen \u00f6kologischen\u00a0 Fr\u00fchst\u00fcck mit selbstgebackenem Brot und Br\u00f6tchen, oder ob Du Dir Dein Fr\u00fchst\u00fcck selber anschaffen willst. Schau Dir die Bildgalerie unter der Preisliste an. Aus R\u00fccksicht gegen\u00fcber unseren G\u00e4sten mit Pelzallergien k\u00f6nnen&#8230;<\/p>\n<p class=\"read-more\"><a class=\"btn btn-default\" href=\"https:\/\/www.mattonsbnb.com\/de\/gaststugan-2\/\"> Read More<span class=\"screen-reader-text\">  Read More<\/span><\/a><\/p>\n","protected":false},"author":2,"featured_media":0,"parent":0,"menu_order":2,"comment_status":"closed","ping_status":"closed","template":"","meta":{"jetpack_post_was_ever_published":false,"footnotes":""},"class_list":["post-34","page","type-page","status-publish","hentry"],"translation":{"provider":"WPGlobus","version":"3.0.2","language":"de","enabled_languages":["sv","en","de"],"languages":{"sv":{"title":true,"content":true,"excerpt":false},"en":{"title":true,"content":true,"excerpt":false},"de":{"title":true,"content":true,"excerpt":false}}},"jetpack_sharing_enabled":false,"jetpack_shortlink":"https:\/\/wp.me\/P7szNi-y","_links":{"self":[{"href":"https:\/\/www.mattonsbnb.com\/de\/wp-json\/wp\/v2\/pages\/34","targetHints":{"allow":["GET"]}}],"collection":[{"href":"https:\/\/www.mattonsbnb.com\/de\/wp-json\/wp\/v2\/pages"}],"about":[{"href":"https:\/\/www.mattonsbnb.com\/de\/wp-json\/wp\/v2\/types\/page"}],"author":[{"embeddable":true,"href":"https:\/\/www.mattonsbnb.com\/de\/wp-json\/wp\/v2\/users\/2"}],"replies":[{"embeddable":true,"href":"https:\/\/www.mattonsbnb.com\/de\/wp-json\/wp\/v2\/comments?post=34"}],"version-history":[{"count":20,"href":"https:\/\/www.mattonsbnb.com\/de\/wp-json\/wp\/v2\/pages\/34\/revisions"}],"predecessor-version":[{"id":710,"href":"https:\/\/www.mattonsbnb.com\/de\/wp-json\/wp\/v2\/pages\/34\/revisions\/710"}],"wp:attachment":[{"href":"https:\/\/www.mattonsbnb.com\/de\/wp-json\/wp\/v2\/media?parent=34"}],"curies":[{"name":"wp","href":"https:\/\/api.w.org\/{rel}","templated":true}]}}