{"id":229,"date":"2016-03-30T18:28:08","date_gmt":"2016-03-30T16:28:08","guid":{"rendered":"http:\/\/mattonsbnb.com\/?page_id=229"},"modified":"2016-05-19T17:32:33","modified_gmt":"2016-05-19T17:32:33","slug":"gastbok","status":"publish","type":"page","link":"https:\/\/www.mattonsbnb.com\/de\/gastbok\/","title":{"rendered":"G\u00e4stebuch"},"content":{"rendered":"<body><p>Hier kannst Du Ausz\u00fcge von unserem G\u00e4stebuch lesen, das sich in dem G\u00e4steh\u00e4uschen befindet.<\/p>\n<hr>\n<p>Gysinge, 19\/4 2016<\/p>\n<p>Dear B\u00e4rbel &amp; husband<br>\nI had a wonderful stay at B\u00e4rbel\u2019s B&amp;B from 3\/4 -21\/4.\u00a0A very nice place with nature, water, wood, garden just\u00a0outside.\u00a0B\u00e4rbel did everything for me to have a pleasent accomodation.\u00a0I look forward to come back again when appropriate for me.\u00a0Best regards\/ Gr\u00fcsse\/ Wiedersehen! Kim Laursen<\/p>\n<hr>\n<p>\u00a0<\/p>\n<\/body>","protected":false},"excerpt":{"rendered":"<p>Hier kannst Du Ausz\u00fcge von unserem G\u00e4stebuch lesen, das sich in dem G\u00e4steh\u00e4uschen befindet. Gysinge, 19\/4 2016 Dear B\u00e4rbel &amp; husband I had a wonderful stay at B\u00e4rbel\u2019s B&amp;B from 3\/4 -21\/4.\u00a0A very nice place with nature, water, wood, garden just\u00a0outside.\u00a0B\u00e4rbel did everything for me to have a pleasent accomodation.\u00a0I look forward to come back again when appropriate for me.\u00a0Best regards\/ Gr\u00fcsse\/ Wiedersehen! Kim Laursen \u00a0<\/p>\n","protected":false},"author":2,"featured_media":0,"parent":0,"menu_order":0,"comment_status":"closed","ping_status":"closed","template":"","meta":{"jetpack_post_was_ever_published":false,"footnotes":""},"class_list":["post-229","page","type-page","status-publish","hentry"],"translation":{"provider":"WPGlobus","version":"3.0.2","language":"de","enabled_languages":["sv","en","de"],"languages":{"sv":{"title":true,"content":true,"excerpt":false},"en":{"title":true,"content":true,"excerpt":false},"de":{"title":true,"content":true,"excerpt":false}}},"jetpack_sharing_enabled":false,"jetpack_shortlink":"https:\/\/wp.me\/P7szNi-3H","_links":{"self":[{"href":"https:\/\/www.mattonsbnb.com\/de\/wp-json\/wp\/v2\/pages\/229","targetHints":{"allow":["GET"]}}],"collection":[{"href":"https:\/\/www.mattonsbnb.com\/de\/wp-json\/wp\/v2\/pages"}],"about":[{"href":"https:\/\/www.mattonsbnb.com\/de\/wp-json\/wp\/v2\/types\/page"}],"author":[{"embeddable":true,"href":"https:\/\/www.mattonsbnb.com\/de\/wp-json\/wp\/v2\/users\/2"}],"replies":[{"embeddable":true,"href":"https:\/\/www.mattonsbnb.com\/de\/wp-json\/wp\/v2\/comments?post=229"}],"version-history":[{"count":10,"href":"https:\/\/www.mattonsbnb.com\/de\/wp-json\/wp\/v2\/pages\/229\/revisions"}],"predecessor-version":[{"id":376,"href":"https:\/\/www.mattonsbnb.com\/de\/wp-json\/wp\/v2\/pages\/229\/revisions\/376"}],"wp:attachment":[{"href":"https:\/\/www.mattonsbnb.com\/de\/wp-json\/wp\/v2\/media?parent=229"}],"curies":[{"name":"wp","href":"https:\/\/api.w.org\/{rel}","templated":true}]}}