{"id":123,"date":"2016-01-26T19:18:00","date_gmt":"2016-01-26T18:18:00","guid":{"rendered":"http:\/\/mattonsbnb.com\/?page_id=123"},"modified":"2016-05-19T17:53:39","modified_gmt":"2016-05-19T17:53:39","slug":"cyklar","status":"publish","type":"page","link":"https:\/\/www.mattonsbnb.com\/de\/uthyrning\/cyklar\/","title":{"rendered":"Fahrr\u00e4der"},"content":{"rendered":"<body><p>Fahrr\u00e4der: Wir haben ein Damenfahrrad mit 7 G\u00e4ngen und ein Herrenfahrrad mit 24 G\u00e4ngen zu vermieten.<\/p>\n<p>Preisliste: Pro Person und Tag 100 SEK<\/p>\n<p>Pro Person und Woche 500 SEK<\/p>\n<\/body>","protected":false},"excerpt":{"rendered":"<p>Fahrr\u00e4der: Wir haben ein Damenfahrrad mit 7 G\u00e4ngen und ein Herrenfahrrad mit 24 G\u00e4ngen zu vermieten. Preisliste: Pro Person und Tag 100 SEK Pro Person und Woche 500 SEK<\/p>\n","protected":false},"author":2,"featured_media":0,"parent":61,"menu_order":0,"comment_status":"closed","ping_status":"closed","template":"","meta":{"jetpack_post_was_ever_published":false,"footnotes":""},"class_list":["post-123","page","type-page","status-publish","hentry"],"translation":{"provider":"WPGlobus","version":"3.0.2","language":"de","enabled_languages":["sv","en","de"],"languages":{"sv":{"title":true,"content":true,"excerpt":false},"en":{"title":true,"content":true,"excerpt":false},"de":{"title":true,"content":true,"excerpt":false}}},"jetpack_sharing_enabled":true,"jetpack_shortlink":"https:\/\/wp.me\/P7szNi-1Z","_links":{"self":[{"href":"https:\/\/www.mattonsbnb.com\/de\/wp-json\/wp\/v2\/pages\/123","targetHints":{"allow":["GET"]}}],"collection":[{"href":"https:\/\/www.mattonsbnb.com\/de\/wp-json\/wp\/v2\/pages"}],"about":[{"href":"https:\/\/www.mattonsbnb.com\/de\/wp-json\/wp\/v2\/types\/page"}],"author":[{"embeddable":true,"href":"https:\/\/www.mattonsbnb.com\/de\/wp-json\/wp\/v2\/users\/2"}],"replies":[{"embeddable":true,"href":"https:\/\/www.mattonsbnb.com\/de\/wp-json\/wp\/v2\/comments?post=123"}],"version-history":[{"count":3,"href":"https:\/\/www.mattonsbnb.com\/de\/wp-json\/wp\/v2\/pages\/123\/revisions"}],"predecessor-version":[{"id":364,"href":"https:\/\/www.mattonsbnb.com\/de\/wp-json\/wp\/v2\/pages\/123\/revisions\/364"}],"up":[{"embeddable":true,"href":"https:\/\/www.mattonsbnb.com\/de\/wp-json\/wp\/v2\/pages\/61"}],"wp:attachment":[{"href":"https:\/\/www.mattonsbnb.com\/de\/wp-json\/wp\/v2\/media?parent=123"}],"curies":[{"name":"wp","href":"https:\/\/api.w.org\/{rel}","templated":true}]}}